{"id":7054,"date":"2019-03-28T12:40:39","date_gmt":"2019-03-28T12:40:39","guid":{"rendered":"https:\/\/www.jennandalexphotography.com\/?page_id=7054"},"modified":"2025-07-26T23:11:45","modified_gmt":"2025-07-26T23:11:45","slug":"homepage","status":"publish","type":"page","link":"https:\/\/www.jennandalexphotography.com\/en\/","title":{"rendered":"Homepage"},"content":{"rendered":"\t\t<div data-elementor-type=\"wp-post\" data-elementor-id=\"7054\" class=\"elementor elementor-7054 elementor-55\">\n\t\t\t\t\t\t<section class=\"elementor-section elementor-top-section elementor-element elementor-element-12fb15e elementor-section-boxed elementor-section-height-default elementor-section-height-default\" data-id=\"12fb15e\" data-element_type=\"section\" data-e-type=\"section\">\n\t\t\t\t\t\t<div class=\"elementor-container elementor-column-gap-default\">\n\t\t\t\t\t<div class=\"elementor-column elementor-col-100 elementor-top-column elementor-element elementor-element-73d69ca\" data-id=\"73d69ca\" data-element_type=\"column\" data-e-type=\"column\">\n\t\t\t<div class=\"elementor-widget-wrap elementor-element-populated\">\n\t\t\t\t\t\t<div class=\"elementor-element elementor-element-5261928 elementor-widget elementor-widget-heading\" data-id=\"5261928\" data-element_type=\"widget\" data-e-type=\"widget\" data-widget_type=\"heading.default\">\n\t\t\t\t<div class=\"elementor-widget-container\">\n\t\t\t\t\t<h2 class=\"elementor-heading-title elementor-size-default\">We are una pareja de fot\u00f3grafos dedicados a la fotograf\u00eda de bodas en Panam\u00e1<\/h2>\t\t\t\t<\/div>\n\t\t\t\t<\/div>\n\t\t\t\t<div class=\"elementor-element elementor-element-21a3285 elementor-widget elementor-widget-text-editor\" data-id=\"21a3285\" data-element_type=\"widget\" data-e-type=\"widget\" data-widget_type=\"text-editor.default\">\n\t\t\t\t<div class=\"elementor-widget-container\">\n\t\t\t\t\t\t\t\t\t<p>Capturar sentimientos, el amor que rodea a cada pareja y contar sus historias son nuestros principales objetivos; es lo que mueve nuestra creatividad para jugar con la luz, colores y composici\u00f3n creando as\u00ed recuerdos inigualables para la vida de cada pareja que pasa por nuestro lente. Nos encanta conocer parejas enamoradas, documentar para siempre este d\u00eda tan \u00fanico y especial en que unen sus vidas. \u00a1Amamos lo que hacemos y damos lo mejor de nosotros mismos en cada trabajo de boda que realizamos!\u00a0<\/p>\t\t\t\t\t\t\t\t<\/div>\n\t\t\t\t<\/div>\n\t\t\t\t<div class=\"elementor-element elementor-element-93e7196 elementor-widget elementor-widget-spacer\" data-id=\"93e7196\" data-element_type=\"widget\" data-e-type=\"widget\" data-widget_type=\"spacer.default\">\n\t\t\t\t<div class=\"elementor-widget-container\">\n\t\t\t\t\t\t\t<div class=\"elementor-spacer\">\n\t\t\t<div class=\"elementor-spacer-inner\"><\/div>\n\t\t<\/div>\n\t\t\t\t\t\t<\/div>\n\t\t\t\t<\/div>\n\t\t\t\t<div class=\"elementor-element elementor-element-b7a2ef7 elementor-widget elementor-widget-html\" data-id=\"b7a2ef7\" data-element_type=\"widget\" data-e-type=\"widget\" data-widget_type=\"html.default\">\n\t\t\t\t<div class=\"elementor-widget-container\">\n\t\t\t\t\t<div class=\"mywed_badge\" style=\"display: inline-block; margin: 0; padding: 5px;\"> <a title=\"Fot\u00f3grafo de bodas Jennifer Canto W (Panam\u00e1, Panam\u00e1) | MyWed\" href=\"https:\/\/mywed.com\/es\/photographer\/jennifercanto\/\" target=\"_blank\" style=\"text-decoration: none;\"> <img decoding=\"async\" alt=\"Fot\u00f3grafo de bodas Jennifer Canto W (Panam\u00e1, Panam\u00e1) | MyWed\" src=\"https:\/\/mywed.com\/images\/mywed-logo\/logo_mywed_gorizontal_black.svg\" \/> <\/a> <\/div>\r\n\t\t\t\t<\/div>\n\t\t\t\t<\/div>\n\t\t\t\t\t<\/div>\n\t\t<\/div>\n\t\t\t\t\t<\/div>\n\t\t<\/section>\n\t\t\t\t<section class=\"elementor-section elementor-top-section elementor-element elementor-element-acb194c elementor-section-full_width elementor-section-height-default elementor-section-height-default\" data-id=\"acb194c\" data-element_type=\"section\" data-e-type=\"section\" data-settings=\"{&quot;background_background&quot;:&quot;classic&quot;}\">\n\t\t\t\t\t\t\t<div class=\"elementor-background-overlay\"><\/div>\n\t\t\t\t\t\t\t<div class=\"elementor-container elementor-column-gap-default\">\n\t\t\t\t\t<div class=\"elementor-column elementor-col-100 elementor-top-column elementor-element elementor-element-f7220af\" data-id=\"f7220af\" data-element_type=\"column\" data-e-type=\"column\">\n\t\t\t<div class=\"elementor-widget-wrap elementor-element-populated\">\n\t\t\t\t\t\t<section class=\"elementor-section elementor-inner-section elementor-element elementor-element-b31f587 elementor-section-boxed elementor-section-height-default elementor-section-height-default\" data-id=\"b31f587\" data-element_type=\"section\" data-e-type=\"section\">\n\t\t\t\t\t\t<div class=\"elementor-container elementor-column-gap-default\">\n\t\t\t\t\t<div class=\"elementor-column elementor-col-100 elementor-inner-column elementor-element elementor-element-cc2c435\" data-id=\"cc2c435\" data-element_type=\"column\" data-e-type=\"column\">\n\t\t\t<div class=\"elementor-widget-wrap elementor-element-populated\">\n\t\t\t\t\t\t<div class=\"elementor-element elementor-element-418fb53 elementor-widget elementor-widget-heading\" data-id=\"418fb53\" data-element_type=\"widget\" data-e-type=\"widget\" data-widget_type=\"heading.default\">\n\t\t\t\t<div class=\"elementor-widget-container\">\n\t\t\t\t\t<h5 class=\"elementor-heading-title elementor-size-default\">\" Me encant\u00f3 su imaginaci\u00f3n, el juego de la c\u00e1mara, cada foto que ustedes tomaron se sent\u00eda fuera de este mundo. Gracias por la atenci\u00f3n, la paciencia y por tomar nuestra boda con tanta dedicaci\u00f3n y profesionalismo, muy recomendados \"<\/h5>\t\t\t\t<\/div>\n\t\t\t\t<\/div>\n\t\t\t\t<div class=\"elementor-element elementor-element-263aaf8 elementor-widget elementor-widget-heading\" data-id=\"263aaf8\" data-element_type=\"widget\" data-e-type=\"widget\" data-widget_type=\"heading.default\">\n\t\t\t\t<div class=\"elementor-widget-container\">\n\t\t\t\t\t<div class=\"elementor-heading-title elementor-size-default\">Daniel - Novio<\/div>\t\t\t\t<\/div>\n\t\t\t\t<\/div>\n\t\t\t\t\t<\/div>\n\t\t<\/div>\n\t\t\t\t\t<\/div>\n\t\t<\/section>\n\t\t\t\t\t<\/div>\n\t\t<\/div>\n\t\t\t\t\t<\/div>\n\t\t<\/section>\n\t\t\t\t<section class=\"elementor-section elementor-top-section elementor-element elementor-element-790c5e2 elementor-section-boxed elementor-section-height-default elementor-section-height-default\" data-id=\"790c5e2\" data-element_type=\"section\" data-e-type=\"section\">\n\t\t\t\t\t\t<div class=\"elementor-container elementor-column-gap-default\">\n\t\t\t\t\t<div class=\"elementor-column elementor-col-100 elementor-top-column elementor-element elementor-element-686b944\" data-id=\"686b944\" data-element_type=\"column\" data-e-type=\"column\">\n\t\t\t<div class=\"elementor-widget-wrap elementor-element-populated\">\n\t\t\t\t\t\t<div class=\"elementor-element elementor-element-fe6a57c elementor-widget elementor-widget-heading\" data-id=\"fe6a57c\" data-element_type=\"widget\" data-e-type=\"widget\" data-widget_type=\"heading.default\">\n\t\t\t\t<div class=\"elementor-widget-container\">\n\t\t\t\t\t<h2 class=\"elementor-heading-title elementor-size-default\">Conoce m\u00e1s de nuestro trabajo en bodas<\/h2>\t\t\t\t<\/div>\n\t\t\t\t<\/div>\n\t\t\t\t\t<\/div>\n\t\t<\/div>\n\t\t\t\t\t<\/div>\n\t\t<\/section>\n\t\t\t\t<section class=\"elementor-section elementor-top-section elementor-element elementor-element-e6b20c3 elementor-section-boxed elementor-section-height-default elementor-section-height-default\" data-id=\"e6b20c3\" data-element_type=\"section\" data-e-type=\"section\">\n\t\t\t\t\t\t<div class=\"elementor-container elementor-column-gap-default\">\n\t\t\t\t\t<div class=\"elementor-column elementor-col-100 elementor-top-column elementor-element elementor-element-51b7629\" data-id=\"51b7629\" data-element_type=\"column\" data-e-type=\"column\">\n\t\t\t<div class=\"elementor-widget-wrap elementor-element-populated\">\n\t\t\t\t\t\t<div class=\"elementor-element elementor-element-4cbf0d5 elementor-widget elementor-widget-shortcode\" data-id=\"4cbf0d5\" data-element_type=\"widget\" data-e-type=\"widget\" data-widget_type=\"shortcode.default\">\n\t\t\t\t<div class=\"elementor-widget-container\">\n\t\t\t\t\t\t\t<div class=\"elementor-shortcode\"><div class=\"short-blog-3col-grid\"><div class=\"row\"><div class=\"col-lg-4\"><article id=\"post-7094\" class=\"blog-item blog-item-3col-grid\"><div class=\"post-image\"><a href=\"https:\/\/www.jennandalexphotography.com\/en\/darlene-jaimes-wedding\/\"><img fetchpriority=\"high\" decoding=\"async\" width=\"850\" height=\"800\" src=\"https:\/\/www.jennandalexphotography.com\/wp-content\/uploads\/2023\/08\/Darlene-Jaime-291-1-850x800.jpg\" class=\"img-fluid wp-post-image\" alt=\"Darlene &amp; Jaime&#8217;s wedding\" \/><\/a><\/div><div class=\"post-holder\"><h2 class=\"article-title\"><a href=\"https:\/\/www.jennandalexphotography.com\/en\/darlene-jaimes-wedding\/\">Darlene &amp; Jaime&#8217;s wedding<\/a><\/h2><ul class=\"post-meta\"><li class=\"meta-date\">27 July 2025<\/li><li class=\"meta-categ\"> <a href=\"https:\/\/www.jennandalexphotography.com\/category\/boda\/\">Boda<\/a><\/li><\/ul><div class=\"article-excerpt\">Boda de Darlene &amp; Jaime La fotograf\u00eda es el arte de capturar momentos que perduran para siempre. En ning\u00fan otro ...<\/div><\/div><\/article><\/div><div class=\"col-lg-4\"><article id=\"post-7090\" class=\"blog-item blog-item-3col-grid\"><div class=\"post-image\"><a href=\"https:\/\/www.jennandalexphotography.com\/en\/kelly-alexiss-wedding\/\"><img decoding=\"async\" width=\"850\" height=\"800\" src=\"https:\/\/www.jennandalexphotography.com\/wp-content\/uploads\/2023\/08\/Kelly-Alexis-471-1-850x800.jpg\" class=\"img-fluid wp-post-image\" alt=\"Kelly &amp; Alexis&#8217;s wedding\" \/><\/a><\/div><div class=\"post-holder\"><h2 class=\"article-title\"><a href=\"https:\/\/www.jennandalexphotography.com\/en\/kelly-alexiss-wedding\/\">Kelly &amp; Alexis&#8217;s wedding<\/a><\/h2><ul class=\"post-meta\"><li class=\"meta-date\">27 July 2025<\/li><li class=\"meta-categ\"> <a href=\"https:\/\/www.jennandalexphotography.com\/category\/boda\/\">Boda<\/a><\/li><\/ul><div class=\"article-excerpt\">Boda de Kelly &amp; Alexis Como fot\u00f3grafos de bodas en Panam\u00e1 y de destino, nos apasiona capturar momentos especiales. Hemos ...<\/div><\/div><\/article><\/div><div class=\"col-lg-4\"><article id=\"post-7082\" class=\"blog-item blog-item-3col-grid\"><div class=\"post-image\"><a href=\"https:\/\/www.jennandalexphotography.com\/en\/zulia-jonathans-wedding\/\"><img decoding=\"async\" width=\"850\" height=\"800\" src=\"https:\/\/www.jennandalexphotography.com\/wp-content\/uploads\/2023\/08\/Zulia-Jonathan-280-1-850x800.jpg\" class=\"img-fluid wp-post-image\" alt=\"Zulia &amp; Jonathan&#8217;s wedding\" \/><\/a><\/div><div class=\"post-holder\"><h2 class=\"article-title\"><a href=\"https:\/\/www.jennandalexphotography.com\/en\/zulia-jonathans-wedding\/\">Zulia &amp; Jonathan&#8217;s wedding<\/a><\/h2><ul class=\"post-meta\"><li class=\"meta-date\">27 July 2025<\/li><li class=\"meta-categ\"> <a href=\"https:\/\/www.jennandalexphotography.com\/category\/boda\/\">Boda<\/a><\/li><\/ul><div class=\"article-excerpt\">Boda de Zulia &amp; Jonathan El JW Marriott Panama Hotel se convirti\u00f3 en el testigo silencioso de un d\u00eda lleno ...<\/div><\/div><\/article><\/div><\/div><\/div><\/div>\n\t\t\t\t\t\t<\/div>\n\t\t\t\t<\/div>\n\t\t\t\t\t<\/div>\n\t\t<\/div>\n\t\t\t\t\t<\/div>\n\t\t<\/section>\n\t\t\t\t<section class=\"elementor-section elementor-top-section elementor-element elementor-element-ab43128 elementor-section-full_width elementor-section-height-default elementor-section-height-default\" data-id=\"ab43128\" data-element_type=\"section\" data-e-type=\"section\" data-settings=\"{&quot;background_background&quot;:&quot;classic&quot;}\">\n\t\t\t\t\t\t<div class=\"elementor-container elementor-column-gap-default\">\n\t\t\t\t\t<div class=\"elementor-column elementor-col-100 elementor-top-column elementor-element elementor-element-1e8dd20\" data-id=\"1e8dd20\" data-element_type=\"column\" data-e-type=\"column\">\n\t\t\t<div class=\"elementor-widget-wrap elementor-element-populated\">\n\t\t\t\t\t\t<section class=\"elementor-section elementor-inner-section elementor-element elementor-element-a7e9392 elementor-section-content-middle elementor-section-boxed elementor-section-height-default elementor-section-height-default\" data-id=\"a7e9392\" data-element_type=\"section\" data-e-type=\"section\">\n\t\t\t\t\t\t<div class=\"elementor-container elementor-column-gap-default\">\n\t\t\t\t\t<div class=\"elementor-column elementor-col-50 elementor-inner-column elementor-element elementor-element-890284a\" data-id=\"890284a\" data-element_type=\"column\" data-e-type=\"column\">\n\t\t\t<div class=\"elementor-widget-wrap elementor-element-populated\">\n\t\t\t\t\t\t<div class=\"elementor-element elementor-element-54e8640 elementor-widget elementor-widget-heading\" data-id=\"54e8640\" data-element_type=\"widget\" data-e-type=\"widget\" data-widget_type=\"heading.default\">\n\t\t\t\t<div class=\"elementor-widget-container\">\n\t\t\t\t\t<h3 class=\"elementor-heading-title elementor-size-default\">\u00bfDeseas que te acompa\u00f1emos el d\u00eda de tu boda? Escr\u00edbenos para m\u00e1s informaci\u00f3n<\/h3>\t\t\t\t<\/div>\n\t\t\t\t<\/div>\n\t\t\t\t\t<\/div>\n\t\t<\/div>\n\t\t\t\t<div class=\"elementor-column elementor-col-50 elementor-inner-column elementor-element elementor-element-e6d8c98\" data-id=\"e6d8c98\" data-element_type=\"column\" data-e-type=\"column\">\n\t\t\t<div class=\"elementor-widget-wrap elementor-element-populated\">\n\t\t\t\t\t\t<div class=\"elementor-element elementor-element-908b4e4 elementor-align-right elementor-widget elementor-widget-button\" data-id=\"908b4e4\" data-element_type=\"widget\" data-e-type=\"widget\" data-widget_type=\"button.default\">\n\t\t\t\t<div class=\"elementor-widget-container\">\n\t\t\t\t\t\t\t\t\t<div class=\"elementor-button-wrapper\">\n\t\t\t\t\t<a class=\"elementor-button elementor-button-link elementor-size-sm\" href=\"http:\/\/jennandalexphotography.com\/contactanos\/\">\n\t\t\t\t\t\t<span class=\"elementor-button-content-wrapper\">\n\t\t\t\t\t\t\t\t\t<span class=\"elementor-button-text\">Cont\u00e1ctanos<\/span>\n\t\t\t\t\t<\/span>\n\t\t\t\t\t<\/a>\n\t\t\t\t<\/div>\n\t\t\t\t\t\t\t\t<\/div>\n\t\t\t\t<\/div>\n\t\t\t\t\t<\/div>\n\t\t<\/div>\n\t\t\t\t\t<\/div>\n\t\t<\/section>\n\t\t\t\t\t<\/div>\n\t\t<\/div>\n\t\t\t\t\t<\/div>\n\t\t<\/section>\n\t\t\t\t<\/div>\n\t\t","protected":false},"excerpt":{"rendered":"<p>We are una pareja de fot\u00f3grafos dedicados a la fotograf\u00eda de bodas en Panam\u00e1 Capturar sentimientos, el amor que rodea a cada pareja y contar sus historias son nuestros principales objetivos; es lo que mueve nuestra creatividad para jugar con la luz, colores y composici\u00f3n creando as\u00ed recuerdos inigualables para&#8230;<\/p>\n","protected":false},"author":1,"featured_media":309,"parent":0,"menu_order":0,"comment_status":"closed","ping_status":"closed","template":"templates\/template-home-slider.php","meta":{"footnotes":""},"class_list":["post-7054","page","type-page","status-publish","has-post-thumbnail","hentry"],"_links":{"self":[{"href":"https:\/\/www.jennandalexphotography.com\/en\/wp-json\/wp\/v2\/pages\/7054","targetHints":{"allow":["GET"]}}],"collection":[{"href":"https:\/\/www.jennandalexphotography.com\/en\/wp-json\/wp\/v2\/pages"}],"about":[{"href":"https:\/\/www.jennandalexphotography.com\/en\/wp-json\/wp\/v2\/types\/page"}],"author":[{"embeddable":true,"href":"https:\/\/www.jennandalexphotography.com\/en\/wp-json\/wp\/v2\/users\/1"}],"replies":[{"embeddable":true,"href":"https:\/\/www.jennandalexphotography.com\/en\/wp-json\/wp\/v2\/comments?post=7054"}],"version-history":[{"count":4,"href":"https:\/\/www.jennandalexphotography.com\/en\/wp-json\/wp\/v2\/pages\/7054\/revisions"}],"predecessor-version":[{"id":7058,"href":"https:\/\/www.jennandalexphotography.com\/en\/wp-json\/wp\/v2\/pages\/7054\/revisions\/7058"}],"wp:featuredmedia":[{"embeddable":true,"href":"https:\/\/www.jennandalexphotography.com\/en\/wp-json\/wp\/v2\/media\/309"}],"wp:attachment":[{"href":"https:\/\/www.jennandalexphotography.com\/en\/wp-json\/wp\/v2\/media?parent=7054"}],"curies":[{"name":"wp","href":"https:\/\/api.w.org\/{rel}","templated":true}]}}