{"id":7064,"date":"2019-04-01T13:47:20","date_gmt":"2019-04-01T13:47:20","guid":{"rendered":"https:\/\/www.jennandalexphotography.com\/?page_id=7064"},"modified":"2025-07-26T23:24:06","modified_gmt":"2025-07-26T23:24:06","slug":"contact-us","status":"publish","type":"page","link":"https:\/\/www.jennandalexphotography.com\/en\/contact-us\/","title":{"rendered":"Contact Us"},"content":{"rendered":"\t\t<div data-elementor-type=\"wp-post\" data-elementor-id=\"7064\" class=\"elementor elementor-7064 elementor-149\">\n\t\t\t\t\t\t<section class=\"elementor-section elementor-top-section elementor-element elementor-element-12049164 elementor-section-boxed elementor-section-height-default elementor-section-height-default\" data-id=\"12049164\" data-element_type=\"section\" data-e-type=\"section\">\n\t\t\t\t\t\t<div class=\"elementor-container elementor-column-gap-default\">\n\t\t\t\t\t<div class=\"elementor-column elementor-col-50 elementor-top-column elementor-element elementor-element-5ea1de36\" data-id=\"5ea1de36\" data-element_type=\"column\" data-e-type=\"column\">\n\t\t\t<div class=\"elementor-widget-wrap elementor-element-populated\">\n\t\t\t\t\t\t<div class=\"elementor-element elementor-element-4e10714b elementor-widget elementor-widget-heading\" data-id=\"4e10714b\" data-element_type=\"widget\" data-e-type=\"widget\" data-widget_type=\"heading.default\">\n\t\t\t\t<div class=\"elementor-widget-container\">\n\t\t\t\t\t<h3 class=\"elementor-heading-title elementor-size-default\">\u00a1Cotiza con nosotros la cobertura de tu boda!<\/h3>\t\t\t\t<\/div>\n\t\t\t\t<\/div>\n\t\t\t\t<div class=\"elementor-element elementor-element-2143ad27 elementor-widget elementor-widget-heading\" data-id=\"2143ad27\" data-element_type=\"widget\" data-e-type=\"widget\" data-widget_type=\"heading.default\">\n\t\t\t\t<div class=\"elementor-widget-container\">\n\t\t\t\t\t<p class=\"elementor-heading-title elementor-size-default\"><font color=\"#54595f\"><span>Para conocer nuestros paquetes fotogr\u00e1ficos para bodas te pediremos unos minutitos de tu tiempo para que llenes este peque\u00f1o formulario para saber m\u00e1s sobre ti y tu boda.&nbsp;<\/span><\/font><br><br><font color=\"#54595f\"><span>En caso que a\u00fan no tengas alguna informaci\u00f3n de tu boda puedes colocar \"por definir\". Nos estaremos comunicando contigo en las pr\u00f3ximas 48 horas.&nbsp;<\/span><\/font><br><br><font color=\"#54595f\"><span>Si tienes alguna pregunta o comentario tambi\u00e9n puedes contactarnos directamente al <\/span><\/font><b>WhatsApp<\/b><font color=\"#54595f\"><span> al <\/span><\/font><b>+507 6681-8377<\/b><font color=\"#54595f\"><span> \u00f3 al <\/span><\/font><b>+507 6524-7762.<\/b><font color=\"#54595f\"><span>&nbsp;<\/span><\/font><span>Ciudad de Panam\u00e1, Panam\u00e1.&nbsp;<\/span><br><br><span>Nos encantar\u00e1 formar parte de tu gran d\u00eda y guardar para ustedes estos recuerdos especiales que son para toda la vida.<\/span><\/p>\t\t\t\t<\/div>\n\t\t\t\t<\/div>\n\t\t\t\t\t<\/div>\n\t\t<\/div>\n\t\t\t\t<div class=\"elementor-column elementor-col-50 elementor-top-column elementor-element elementor-element-2d3fbbc5\" data-id=\"2d3fbbc5\" data-element_type=\"column\" data-e-type=\"column\">\n\t\t\t<div class=\"elementor-widget-wrap elementor-element-populated\">\n\t\t\t\t\t\t<div class=\"elementor-element elementor-element-43631670 elementor-widget elementor-widget-shortcode\" data-id=\"43631670\" data-element_type=\"widget\" data-e-type=\"widget\" data-widget_type=\"shortcode.default\">\n\t\t\t\t<div class=\"elementor-widget-container\">\n\t\t\t\t\t\t\t<div class=\"elementor-shortcode\">\n<div class=\"wpcf7 no-js\" id=\"wpcf7-f7067-o1\" lang=\"en-US\" dir=\"ltr\" data-wpcf7-id=\"7067\">\n<div class=\"screen-reader-response\"><p role=\"status\" aria-live=\"polite\" aria-atomic=\"true\"><\/p> <ul><\/ul><\/div>\n<form action=\"\/en\/wp-json\/wp\/v2\/pages\/7064#wpcf7-f7067-o1\" method=\"post\" class=\"wpcf7-form init\" aria-label=\"Contact form\" novalidate=\"novalidate\" data-status=\"init\">\n<fieldset class=\"hidden-fields-container\"><input type=\"hidden\" name=\"_wpcf7\" value=\"7067\" \/><input type=\"hidden\" name=\"_wpcf7_version\" value=\"6.1.5\" \/><input type=\"hidden\" name=\"_wpcf7_locale\" value=\"en_US\" \/><input type=\"hidden\" name=\"_wpcf7_unit_tag\" value=\"wpcf7-f7067-o1\" \/><input type=\"hidden\" name=\"_wpcf7_container_post\" value=\"0\" \/><input type=\"hidden\" name=\"_wpcf7_posted_data_hash\" value=\"\" \/><input type=\"hidden\" name=\"_wpcf7_recaptcha_response\" value=\"\" \/>\n<\/fieldset>\n<div class=\"row\">\n\t<div class=\"col-md-4\">\n\t\t<p><span class=\"wpcf7-form-control-wrap\" data-name=\"your-name\"><input size=\"40\" maxlength=\"400\" class=\"wpcf7-form-control wpcf7-text wpcf7-validates-as-required comm-field margin-b24\" aria-required=\"true\" aria-invalid=\"false\" placeholder=\"Bride and groom names\" value=\"\" type=\"text\" name=\"your-name\" \/><\/span>\n\t\t<\/p>\n\t<\/div>\n\t<div class=\"col-md-4\">\n\t\t<p><span class=\"wpcf7-form-control-wrap\" data-name=\"your-email\"><input size=\"40\" maxlength=\"400\" class=\"wpcf7-form-control wpcf7-email wpcf7-validates-as-required wpcf7-text wpcf7-validates-as-email comm-field margin-b24\" aria-required=\"true\" aria-invalid=\"false\" placeholder=\"Email\" value=\"\" type=\"email\" name=\"your-email\" \/><\/span>\n\t\t<\/p>\n\t<\/div>\n\t<div class=\"col-md-4\">\n\t\t<p><span class=\"wpcf7-form-control-wrap\" data-name=\"your-phone\"><input size=\"40\" maxlength=\"400\" class=\"wpcf7-form-control wpcf7-tel wpcf7-validates-as-required wpcf7-text wpcf7-validates-as-tel comm-field margin-b24\" aria-required=\"true\" aria-invalid=\"false\" placeholder=\"Tel\u00e9fono\" value=\"\" type=\"tel\" name=\"your-phone\" \/><\/span>\n\t\t<\/p>\n\t<\/div>\n<\/div>\n<p><span class=\"wpcf7-form-control-wrap\" data-name=\"preboda\"><input size=\"40\" maxlength=\"400\" class=\"wpcf7-form-control wpcf7-text wpcf7-validates-as-required\" id=\"msg-contact\" aria-required=\"true\" aria-invalid=\"false\" placeholder=\"\u00bfDeseas sesi\u00f3n de fotos de pre boda?\" value=\"\" type=\"text\" name=\"preboda\" \/><\/span>\n<\/p>\n<p><span class=\"wpcf7-form-control-wrap\" data-name=\"fecha\"><input size=\"40\" maxlength=\"400\" class=\"wpcf7-form-control wpcf7-text wpcf7-validates-as-required\" aria-required=\"true\" aria-invalid=\"false\" placeholder=\"Fecha de la Boda:\" value=\"\" type=\"text\" name=\"fecha\" \/><\/span>\n<\/p>\n<p><span class=\"wpcf7-form-control-wrap\" data-name=\"lugar\"><input size=\"40\" maxlength=\"400\" class=\"wpcf7-form-control wpcf7-text wpcf7-validates-as-required\" aria-required=\"true\" aria-invalid=\"false\" placeholder=\"Lugar de la Boda:\" value=\"\" type=\"text\" name=\"lugar\" \/><\/span>\n<\/p>\n<p><span class=\"wpcf7-form-control-wrap\" data-name=\"lugar-recepcion\"><input size=\"40\" maxlength=\"400\" class=\"wpcf7-form-control wpcf7-text wpcf7-validates-as-required\" aria-required=\"true\" aria-invalid=\"false\" placeholder=\"Lugar de la ceremonia y de la recepci\u00f3n:\" value=\"\" type=\"text\" name=\"lugar-recepcion\" \/><\/span>\n<\/p>\n<p><span class=\"wpcf7-form-control-wrap\" data-name=\"horas-cobertura\"><input size=\"40\" maxlength=\"400\" class=\"wpcf7-form-control wpcf7-text wpcf7-validates-as-required\" aria-required=\"true\" aria-invalid=\"false\" placeholder=\"Cantidad de horas de cobertura:\" value=\"\" type=\"text\" name=\"horas-cobertura\" \/><\/span>\n<\/p>\n<p><span class=\"wpcf7-form-control-wrap\" data-name=\"tipo\"><input size=\"40\" maxlength=\"400\" class=\"wpcf7-form-control wpcf7-text wpcf7-validates-as-required\" aria-required=\"true\" aria-invalid=\"false\" placeholder=\"Tipo de Boda (civil, religiosa, china, otra):\" value=\"\" type=\"text\" name=\"tipo\" \/><\/span>\n<\/p>\n<p><span class=\"wpcf7-form-control-wrap\" data-name=\"invitados\"><input size=\"40\" maxlength=\"400\" class=\"wpcf7-form-control wpcf7-text wpcf7-validates-as-required\" aria-required=\"true\" aria-invalid=\"false\" placeholder=\"Cantidad de invitados:\" value=\"\" type=\"text\" name=\"invitados\" \/><\/span>\n<\/p>\n<p><span class=\"wpcf7-form-control-wrap\" data-name=\"como-encontraste\"><input size=\"40\" maxlength=\"400\" class=\"wpcf7-form-control wpcf7-text wpcf7-validates-as-required\" aria-required=\"true\" aria-invalid=\"false\" placeholder=\"\u00bfC\u00f3mo nos encontraste?\" value=\"\" type=\"text\" name=\"como-encontraste\" \/><\/span>\n<\/p>\n<p><span class=\"wpcf7-form-control-wrap\" data-name=\"your-message\"><textarea cols=\"40\" rows=\"5\" maxlength=\"2000\" class=\"wpcf7-form-control wpcf7-textarea wpcf7-validates-as-required\" aria-required=\"true\" aria-invalid=\"false\" placeholder=\"Mensaje adicional\" name=\"your-message\"><\/textarea><\/span>\n<\/p>\n<p class=\"contact-btn\"><input class=\"wpcf7-form-control wpcf7-submit has-spinner\" id=\"submit-contact\" type=\"submit\" value=\"Enviar\" \/>\n<\/p><div class=\"wpcf7-response-output\" aria-hidden=\"true\"><\/div>\n<\/form>\n<\/div>\n<\/div>\n\t\t\t\t\t\t<\/div>\n\t\t\t\t<\/div>\n\t\t\t\t\t<\/div>\n\t\t<\/div>\n\t\t\t\t\t<\/div>\n\t\t<\/section>\n\t\t\t\t<\/div>\n\t\t","protected":false},"excerpt":{"rendered":"<p>\u00a1Cotiza con nosotros la cobertura de tu boda! Para conocer nuestros paquetes fotogr\u00e1ficos para bodas te pediremos unos minutitos de tu tiempo para que llenes este peque\u00f1o formulario para saber m\u00e1s sobre ti y tu boda.&nbsp; En caso que a\u00fan no tengas alguna informaci\u00f3n de tu boda puedes colocar &#8220;por&#8230;<\/p>\n","protected":false},"author":1,"featured_media":1529,"parent":0,"menu_order":0,"comment_status":"closed","ping_status":"closed","template":"templates\/template-fullscreen.php","meta":{"footnotes":""},"class_list":["post-7064","page","type-page","status-publish","has-post-thumbnail","hentry"],"_links":{"self":[{"href":"https:\/\/www.jennandalexphotography.com\/en\/wp-json\/wp\/v2\/pages\/7064","targetHints":{"allow":["GET"]}}],"collection":[{"href":"https:\/\/www.jennandalexphotography.com\/en\/wp-json\/wp\/v2\/pages"}],"about":[{"href":"https:\/\/www.jennandalexphotography.com\/en\/wp-json\/wp\/v2\/types\/page"}],"author":[{"embeddable":true,"href":"https:\/\/www.jennandalexphotography.com\/en\/wp-json\/wp\/v2\/users\/1"}],"replies":[{"embeddable":true,"href":"https:\/\/www.jennandalexphotography.com\/en\/wp-json\/wp\/v2\/comments?post=7064"}],"version-history":[{"count":1,"href":"https:\/\/www.jennandalexphotography.com\/en\/wp-json\/wp\/v2\/pages\/7064\/revisions"}],"predecessor-version":[{"id":7065,"href":"https:\/\/www.jennandalexphotography.com\/en\/wp-json\/wp\/v2\/pages\/7064\/revisions\/7065"}],"wp:featuredmedia":[{"embeddable":true,"href":"https:\/\/www.jennandalexphotography.com\/en\/wp-json\/wp\/v2\/media\/1529"}],"wp:attachment":[{"href":"https:\/\/www.jennandalexphotography.com\/en\/wp-json\/wp\/v2\/media?parent=7064"}],"curies":[{"name":"wp","href":"https:\/\/api.w.org\/{rel}","templated":true}]}}